{"id":2,"date":"2016-05-10T03:48:21","date_gmt":"2016-05-10T03:48:21","guid":{"rendered":"http:\/\/modelsbyeast.de\/?page_id=2"},"modified":"2022-10-08T11:17:10","modified_gmt":"2022-10-08T11:17:10","slug":"sample-page","status":"publish","type":"page","link":"https:\/\/modelsbyeast.de\/","title":{"rendered":"Sample Page"},"content":{"rendered":"<h3>Wir begr\u00fc\u00dfen Euch auf der Homepage von &#8222;modelsbyeast.de&#8220;.<\/h3>\n<p>Die erste Idee zu einer kleinen Hommage an unsere Models entstand bereits 1999 mit dem Beginn der ersten Shootings aufgrund von Messebesuchen und kleinen Promotion-Events.<\/p>\n<p>Warum nicht einmal selbst ausprobieren, was namhafte Marketingagenturen, exzellente Fotografen und Webdesigner schon seit vielen Jahren uns pr\u00e4sentieren?<\/p>\n<p>Genau das war der Anreiz, welcher uns bis heute mit Leidenschaft bei unseren Fotostrecken den damit verbundenen Herausforderungen antreibt.<\/p>\n<p>Habt Spa\u00df beim Betrachten der Shoots und vielleicht habt Ihr selbst auch einmal Lust auf eine Zusammenarbeit? &#8211; Nehmt einfach Kontakt mit uns auf!<\/p>\n<h6><strong>Ein kleiner Hinweis bitte an Euch:<\/strong><br \/>\nDiese Website verfolgt kein finanzielles Interesse und wir bitten ebenfalls um Entschuldigung, sollte es evtl. an der einen oder anderen hier ver\u00f6ffentlichten Fotografie einen anst\u00f6\u00dfigen Inhalt geben.<br \/>\nAlle beteiligten Models sind \u00fcber 18 bzw. 21 Jahre alt und haben der Ver\u00f6ffentlichung vertraglich zugestimmt.<\/h6>\n<p>Auf bald, Euer Team von &#8222;modelsbyeast&#8220;.<\/p>\n","protected":false},"excerpt":{"rendered":"<p>Wir begr\u00fc\u00dfen Euch auf der Homepage von &#8222;modelsbyeast.de&#8220;. Die erste Idee zu einer kleinen Hommage an unsere Models entstand bereits 1999 mit dem Beginn der ersten Shootings aufgrund von Messebesuchen und kleinen Promotion-Events. Warum nicht einmal selbst ausprobieren, was namhafte Marketingagenturen, exzellente Fotografen und Webdesigner schon seit vielen Jahren uns pr\u00e4sentieren? Genau das war der [&hellip;]<\/p>\n","protected":false},"author":1,"featured_media":0,"parent":0,"menu_order":0,"comment_status":"closed","ping_status":"open","template":"","meta":[],"_links":{"self":[{"href":"https:\/\/modelsbyeast.de\/index.php?rest_route=\/wp\/v2\/pages\/2"}],"collection":[{"href":"https:\/\/modelsbyeast.de\/index.php?rest_route=\/wp\/v2\/pages"}],"about":[{"href":"https:\/\/modelsbyeast.de\/index.php?rest_route=\/wp\/v2\/types\/page"}],"author":[{"embeddable":true,"href":"https:\/\/modelsbyeast.de\/index.php?rest_route=\/wp\/v2\/users\/1"}],"replies":[{"embeddable":true,"href":"https:\/\/modelsbyeast.de\/index.php?rest_route=%2Fwp%2Fv2%2Fcomments&post=2"}],"version-history":[{"count":13,"href":"https:\/\/modelsbyeast.de\/index.php?rest_route=\/wp\/v2\/pages\/2\/revisions"}],"predecessor-version":[{"id":1184,"href":"https:\/\/modelsbyeast.de\/index.php?rest_route=\/wp\/v2\/pages\/2\/revisions\/1184"}],"wp:attachment":[{"href":"https:\/\/modelsbyeast.de\/index.php?rest_route=%2Fwp%2Fv2%2Fmedia&parent=2"}],"curies":[{"name":"wp","href":"https:\/\/api.w.org\/{rel}","templated":true}]}}